{"id":118,"date":"2022-10-13T20:43:18","date_gmt":"2022-10-13T20:43:18","guid":{"rendered":"http:\/\/10.10.13.1\/?page_id=118"},"modified":"2024-04-15T18:01:00","modified_gmt":"2024-04-15T18:01:00","slug":"sobre-la-revista","status":"publish","type":"page","link":"https:\/\/revistapolitecnicaags.upa.edu.mx\/index.php\/sobre-la-revista\/","title":{"rendered":"Sobre la Revista"},"content":{"rendered":"\t\t<div data-elementor-type=\"wp-page\" data-elementor-id=\"118\" class=\"elementor elementor-118\">\n\t\t\t\t\t\t<section class=\"elementor-section elementor-top-section elementor-element elementor-element-c4bc48f elementor-section-boxed elementor-section-height-default elementor-section-height-default\" data-id=\"c4bc48f\" data-element_type=\"section\">\n\t\t\t\t\t\t<div class=\"elementor-container elementor-column-gap-default\">\n\t\t\t\t\t<div class=\"elementor-column elementor-col-100 elementor-top-column elementor-element elementor-element-c4e6133\" data-id=\"c4e6133\" data-element_type=\"column\">\n\t\t\t<div class=\"elementor-widget-wrap elementor-element-populated\">\n\t\t\t\t\t\t<div class=\"elementor-element elementor-element-4b2e2ef elementor-widget elementor-widget-text-editor\" data-id=\"4b2e2ef\" data-element_type=\"widget\" data-widget_type=\"text-editor.default\">\n\t\t\t\t<div class=\"elementor-widget-container\">\n\t\t\t<style>\/*! elementor - v3.23.0 - 25-07-2024 *\/\n.elementor-widget-text-editor.elementor-drop-cap-view-stacked .elementor-drop-cap{background-color:#69727d;color:#fff}.elementor-widget-text-editor.elementor-drop-cap-view-framed .elementor-drop-cap{color:#69727d;border:3px solid;background-color:transparent}.elementor-widget-text-editor:not(.elementor-drop-cap-view-default) .elementor-drop-cap{margin-top:8px}.elementor-widget-text-editor:not(.elementor-drop-cap-view-default) .elementor-drop-cap-letter{width:1em;height:1em}.elementor-widget-text-editor .elementor-drop-cap{float:left;text-align:center;line-height:1;font-size:50px}.elementor-widget-text-editor .elementor-drop-cap-letter{display:inline-block}<\/style>\t\t\t\t<p><span style=\"font-weight: 400;\">La Revista Polit\u00e9cnica de Aguascalientes (ISSN: 2954-5102) es una revista electr\u00f3nica de periodicidad semestral publicada por la Universidad Polit\u00e9cnica de Aguascalientes a trav\u00e9s de la Direcci\u00f3n de Posgrado e Investigaci\u00f3n para la difusi\u00f3n de art\u00edculos originales en las \u00e1reas de Ciencias en Ingenier\u00eda, Tecnolog\u00eda y Ciencias sociales.<\/span><\/p>\n<h3><b>Disciplinas<\/b><\/h3>\n<p><span style=\"font-weight: 400;\">Las disciplinas abordadas por la revista son, sin limitarse a, las del siguiente listado<\/span><\/p>\n<p><strong>Ciencias en Ingenier\u00eda<\/strong><\/p>\n<ul>\n<li><span style=\"font-weight: 400;\">El\u00e9ctrica<\/span><\/li>\n<li><span style=\"font-weight: 400;\">Electr\u00f3nica<\/span><\/li>\n<li><span style=\"font-weight: 400;\">Energ\u00eda<\/span><\/li>\n<li><span style=\"font-weight: 400;\">Mec\u00e1nica<\/span><\/li>\n<li><span style=\"font-weight: 400;\">Optimizaci\u00f3n<\/span><\/li>\n<li><span style=\"font-weight: 400;\">Qu\u00edmica<\/span><\/li>\n<\/ul>\n<p><strong>Tecnolog\u00eda<\/strong><\/p>\n<ul>\n<li><span style=\"font-weight: 400;\">Agricultura<\/span><\/li>\n<li><span style=\"font-weight: 400;\">Biotecnolog\u00eda<\/span><\/li>\n<li><span style=\"font-weight: 400;\">Tecnolog\u00edas de la Informaci\u00f3n<\/span><\/li>\n<li><span style=\"font-weight: 400;\">Redes y sistemas<\/span><\/li>\n<\/ul>\n<p><strong>Ciencias Sociales<\/strong><\/p>\n<ul>\n<li><span style=\"font-weight: 400;\">Administraci\u00f3n<\/span><\/li>\n<li><span style=\"font-weight: 400;\">Educaci\u00f3n<\/span><\/li>\n<li><span style=\"font-weight: 400;\">Ciencias pol\u00edticas<\/span><\/li>\n<\/ul>\t\t\t\t\t\t<\/div>\n\t\t\t\t<\/div>\n\t\t\t\t\t<\/div>\n\t\t<\/div>\n\t\t\t\t\t<\/div>\n\t\t<\/section>\n\t\t\t\t<\/div>\n\t\t","protected":false},"excerpt":{"rendered":"<p>La Revista Polit\u00e9cnica de Aguascalientes (ISSN: 2954-5102) es una revista electr\u00f3nica de periodicidad semestral publicada por la Universidad Polit\u00e9cnica de Aguascalientes a trav\u00e9s de la Direcci\u00f3n de Posgrado e Investigaci\u00f3n para la difusi\u00f3n de art\u00edculos originales en las \u00e1reas de Ciencias en Ingenier\u00eda, Tecnolog\u00eda y Ciencias sociales. Disciplinas Las disciplinas abordadas por la revista son,<\/p>\n<p><a href=\"https:\/\/revistapolitecnicaags.upa.edu.mx\/index.php\/sobre-la-revista\/\" class=\"more-link themebutton\">Read More<\/a><\/p>\n","protected":false},"author":1,"featured_media":0,"parent":0,"menu_order":0,"comment_status":"closed","ping_status":"closed","template":"","meta":{"footnotes":""},"class_list":["post-118","page","type-page","status-publish","hentry"],"_links":{"self":[{"href":"https:\/\/revistapolitecnicaags.upa.edu.mx\/index.php\/wp-json\/wp\/v2\/pages\/118"}],"collection":[{"href":"https:\/\/revistapolitecnicaags.upa.edu.mx\/index.php\/wp-json\/wp\/v2\/pages"}],"about":[{"href":"https:\/\/revistapolitecnicaags.upa.edu.mx\/index.php\/wp-json\/wp\/v2\/types\/page"}],"author":[{"embeddable":true,"href":"https:\/\/revistapolitecnicaags.upa.edu.mx\/index.php\/wp-json\/wp\/v2\/users\/1"}],"replies":[{"embeddable":true,"href":"https:\/\/revistapolitecnicaags.upa.edu.mx\/index.php\/wp-json\/wp\/v2\/comments?post=118"}],"version-history":[{"count":20,"href":"https:\/\/revistapolitecnicaags.upa.edu.mx\/index.php\/wp-json\/wp\/v2\/pages\/118\/revisions"}],"predecessor-version":[{"id":1325,"href":"https:\/\/revistapolitecnicaags.upa.edu.mx\/index.php\/wp-json\/wp\/v2\/pages\/118\/revisions\/1325"}],"wp:attachment":[{"href":"https:\/\/revistapolitecnicaags.upa.edu.mx\/index.php\/wp-json\/wp\/v2\/media?parent=118"}],"curies":[{"name":"wp","href":"https:\/\/api.w.org\/{rel}","templated":true}]}}