{"id":1200,"date":"2024-02-16T15:35:36","date_gmt":"2024-02-16T15:35:36","guid":{"rendered":"https:\/\/revistapolitecnicaags.upa.edu.mx\/?page_id=1200"},"modified":"2025-04-13T01:18:23","modified_gmt":"2025-04-13T01:18:23","slug":"3er-ciclo-de-conferencias-en-clima-energia-y-sustentabilidad","status":"publish","type":"page","link":"https:\/\/revistapolitecnicaags.upa.edu.mx\/index.php\/3er-ciclo-de-conferencias-en-clima-energia-y-sustentabilidad\/","title":{"rendered":"Ciclo de Conferencias en Clima, Energ\u00eda y Sustentabilidad CCCEyS"},"content":{"rendered":"\t\t<div data-elementor-type=\"wp-page\" data-elementor-id=\"1200\" class=\"elementor elementor-1200\">\n\t\t\t\t\t\t<section class=\"elementor-section elementor-top-section elementor-element elementor-element-1f106b6 elementor-section-boxed elementor-section-height-default elementor-section-height-default\" data-id=\"1f106b6\" data-element_type=\"section\">\n\t\t\t\t\t\t<div class=\"elementor-container elementor-column-gap-default\">\n\t\t\t\t\t<div class=\"elementor-column elementor-col-100 elementor-top-column elementor-element elementor-element-a283fb9\" data-id=\"a283fb9\" data-element_type=\"column\">\n\t\t\t<div class=\"elementor-widget-wrap elementor-element-populated\">\n\t\t\t\t\t\t<div class=\"elementor-element elementor-element-22b5989 elementor-widget elementor-widget-image\" data-id=\"22b5989\" data-element_type=\"widget\" data-widget_type=\"image.default\">\n\t\t\t\t<div class=\"elementor-widget-container\">\n\t\t\t<style>\/*! elementor - v3.23.0 - 25-07-2024 *\/\n.elementor-widget-image{text-align:center}.elementor-widget-image a{display:inline-block}.elementor-widget-image a img[src$=\".svg\"]{width:48px}.elementor-widget-image img{vertical-align:middle;display:inline-block}<\/style>\t\t\t\t\t\t\t\t\t\t<img decoding=\"async\" width=\"189\" height=\"110\" src=\"https:\/\/revistapolitecnicaags.upa.edu.mx\/wp-content\/uploads\/2025\/04\/CIQA-logo.png\" class=\"attachment-large size-large wp-image-1806\" alt=\"\" \/>\t\t\t\t\t\t\t\t\t\t\t\t\t<\/div>\n\t\t\t\t<\/div>\n\t\t\t\t\t<\/div>\n\t\t<\/div>\n\t\t\t\t\t<\/div>\n\t\t<\/section>\n\t\t\t\t<section class=\"elementor-section elementor-top-section elementor-element elementor-element-219f32e elementor-section-boxed elementor-section-height-default elementor-section-height-default\" data-id=\"219f32e\" data-element_type=\"section\">\n\t\t\t\t\t\t<div class=\"elementor-container elementor-column-gap-default\">\n\t\t\t\t\t<div class=\"elementor-column elementor-col-100 elementor-top-column elementor-element elementor-element-56d6206\" data-id=\"56d6206\" data-element_type=\"column\">\n\t\t\t<div class=\"elementor-widget-wrap elementor-element-populated\">\n\t\t\t\t\t\t<div class=\"elementor-element elementor-element-98df727 elementor-widget elementor-widget-image\" data-id=\"98df727\" data-element_type=\"widget\" data-widget_type=\"image.default\">\n\t\t\t\t<div class=\"elementor-widget-container\">\n\t\t\t\t\t\t\t\t\t\t\t\t\t<img fetchpriority=\"high\" decoding=\"async\" width=\"768\" height=\"372\" src=\"https:\/\/revistapolitecnicaags.upa.edu.mx\/wp-content\/uploads\/2025\/04\/imagen-convocatiroa-ciclos-de-conferencias-768x372.jpg\" class=\"attachment-medium_large size-medium_large wp-image-1782\" alt=\"\" srcset=\"https:\/\/revistapolitecnicaags.upa.edu.mx\/wp-content\/uploads\/2025\/04\/imagen-convocatiroa-ciclos-de-conferencias-768x372.jpg 768w, https:\/\/revistapolitecnicaags.upa.edu.mx\/wp-content\/uploads\/2025\/04\/imagen-convocatiroa-ciclos-de-conferencias-300x145.jpg 300w, https:\/\/revistapolitecnicaags.upa.edu.mx\/wp-content\/uploads\/2025\/04\/imagen-convocatiroa-ciclos-de-conferencias-1024x497.jpg 1024w, https:\/\/revistapolitecnicaags.upa.edu.mx\/wp-content\/uploads\/2025\/04\/imagen-convocatiroa-ciclos-de-conferencias.jpg 1225w\" sizes=\"(max-width: 768px) 100vw, 768px\" \/>\t\t\t\t\t\t\t\t\t\t\t\t\t<\/div>\n\t\t\t\t<\/div>\n\t\t\t\t\t<\/div>\n\t\t<\/div>\n\t\t\t\t\t<\/div>\n\t\t<\/section>\n\t\t\t\t<section class=\"elementor-section elementor-top-section elementor-element elementor-element-8e31b8d elementor-section-boxed elementor-section-height-default elementor-section-height-default\" data-id=\"8e31b8d\" data-element_type=\"section\">\n\t\t\t\t\t\t<div class=\"elementor-container elementor-column-gap-default\">\n\t\t\t\t\t<div class=\"elementor-column elementor-col-100 elementor-top-column elementor-element elementor-element-2ae5261\" data-id=\"2ae5261\" data-element_type=\"column\">\n\t\t\t<div class=\"elementor-widget-wrap elementor-element-populated\">\n\t\t\t\t\t\t<div class=\"elementor-element elementor-element-b074f9e elementor-widget__width-initial elementor-widget elementor-widget-text-editor\" data-id=\"b074f9e\" data-element_type=\"widget\" data-widget_type=\"text-editor.default\">\n\t\t\t\t<div class=\"elementor-widget-container\">\n\t\t\t<style>\/*! elementor - v3.23.0 - 25-07-2024 *\/\n.elementor-widget-text-editor.elementor-drop-cap-view-stacked .elementor-drop-cap{background-color:#69727d;color:#fff}.elementor-widget-text-editor.elementor-drop-cap-view-framed .elementor-drop-cap{color:#69727d;border:3px solid;background-color:transparent}.elementor-widget-text-editor:not(.elementor-drop-cap-view-default) .elementor-drop-cap{margin-top:8px}.elementor-widget-text-editor:not(.elementor-drop-cap-view-default) .elementor-drop-cap-letter{width:1em;height:1em}.elementor-widget-text-editor .elementor-drop-cap{float:left;text-align:center;line-height:1;font-size:50px}.elementor-widget-text-editor .elementor-drop-cap-letter{display:inline-block}<\/style>\t\t\t\t<h4 style=\"text-align: center;\">En nombre del comit\u00e9 organizador del IV&nbsp;Ciclo&nbsp;de&nbsp;Conferencias&nbsp;en Clima, Energ\u00eda y Sustentabilidad CCCEyS 2025, nos complace extenderle una atenta invitaci\u00f3n.<\/h4>\n<h4 style=\"text-align: center;\">El&nbsp;CCCEyS 2025,&nbsp;se celebrar\u00e1 del&nbsp; 28 al 30 de mayo del 2025&nbsp;en el Centro de Investigaci\u00f3n en Qu\u00edmica Aplicada&nbsp; (CIQA)&nbsp;ubicado en Saltillo, Coahuila y reunir\u00e1 a destacados investigadores y profesionales en el campo del Clima, Energ\u00eda y Sustentabilidad.&nbsp;<\/h4>\n<h4 style=\"text-align: center;\"><b>Fechas Importantes para publicaci\u00f3n en la Revista Polit\u00e9cnica de Aguascalientes:<\/b>&nbsp;<\/h4>\n<h4 style=\"text-align: center;\"><b>Apertura de la convocatoria:<\/b> 03 de abril de 2025<br><span style=\"font-family: 'Open Sans', Helvetica, Arial; font-size: 16px; letter-spacing: var( --e-global-typography-text-letter-spacing ); word-spacing: var( --e-global-typography-text-word-spacing );\"><b>L\u00edmite de env\u00edo del manuscrito:<\/b> 30 de junio de 2025<br>Los art\u00edculos aceptados se publicar\u00e1n en el Volumen 6 de fecha noviembre 2025.<\/span><\/h4><div><span style=\"font-family: 'Open Sans', Helvetica, Arial; font-size: 16px; letter-spacing: var( --e-global-typography-text-letter-spacing ); word-spacing: var( --e-global-typography-text-word-spacing );\"><br><\/span><\/div>\n<h4 style=\"text-align: center;\">Este IV Ciclo de Conferencias tiene como objetivo difundir los avances y las contribuciones con enfoque a los temas que se incluyen, pero no se limitan a:<\/h4>\n<div>&nbsp;<\/div>\n<h4 style=\"text-align: center;\">Energ\u00edas Renovables<br>Agrivolt\u00e1ica<br>Pron\u00f3sticos meteorol\u00f3gicos y clim\u00e1ticos<br>Biotecnolog\u00eda<br>Nanotecnolog\u00eda<br>Pol\u00edmeros<br>Agricultura protegida<br>Agua<br>Suelo<br>Cambio clim\u00e1tico<br>Variabilidad clim\u00e1tica<\/h4>\t\t\t\t\t\t<\/div>\n\t\t\t\t<\/div>\n\t\t\t\t\t<\/div>\n\t\t<\/div>\n\t\t\t\t\t<\/div>\n\t\t<\/section>\n\t\t\t\t<section class=\"elementor-section elementor-top-section elementor-element elementor-element-da440e1 elementor-section-boxed elementor-section-height-default elementor-section-height-default\" data-id=\"da440e1\" data-element_type=\"section\">\n\t\t\t\t\t\t<div class=\"elementor-container elementor-column-gap-default\">\n\t\t\t\t\t<div class=\"elementor-column elementor-col-100 elementor-top-column elementor-element elementor-element-9688bb6\" data-id=\"9688bb6\" data-element_type=\"column\">\n\t\t\t<div class=\"elementor-widget-wrap elementor-element-populated\">\n\t\t\t\t\t\t<div class=\"elementor-element elementor-element-382f08f elementor-align-center elementor-widget elementor-widget-button\" data-id=\"382f08f\" data-element_type=\"widget\" data-widget_type=\"button.default\">\n\t\t\t\t<div class=\"elementor-widget-container\">\n\t\t\t\t\t<div class=\"elementor-button-wrapper\">\n\t\t\t<a class=\"elementor-button elementor-button-link elementor-size-sm\" href=\"https:\/\/ccceys.com\/\" target=\"_blank\">\n\t\t\t\t\t\t<span class=\"elementor-button-content-wrapper\">\n\t\t\t\t\t\t\t\t\t<span class=\"elementor-button-text\">Informaci\u00f3n general del CCCES<\/span>\n\t\t\t\t\t<\/span>\n\t\t\t\t\t<\/a>\n\t\t<\/div>\n\t\t\t\t<\/div>\n\t\t\t\t<\/div>\n\t\t\t\t\t<\/div>\n\t\t<\/div>\n\t\t\t\t\t<\/div>\n\t\t<\/section>\n\t\t\t\t<section class=\"elementor-section elementor-top-section elementor-element elementor-element-05962df elementor-section-boxed elementor-section-height-default elementor-section-height-default\" data-id=\"05962df\" data-element_type=\"section\">\n\t\t\t\t\t\t<div class=\"elementor-container elementor-column-gap-default\">\n\t\t\t\t\t<div class=\"elementor-column elementor-col-100 elementor-top-column elementor-element elementor-element-6fe25da\" data-id=\"6fe25da\" data-element_type=\"column\">\n\t\t\t<div class=\"elementor-widget-wrap elementor-element-populated\">\n\t\t\t\t\t\t<div class=\"elementor-element elementor-element-c82f4b4 elementor-align-center elementor-widget elementor-widget-button\" data-id=\"c82f4b4\" data-element_type=\"widget\" data-widget_type=\"button.default\">\n\t\t\t\t<div class=\"elementor-widget-container\">\n\t\t\t\t\t<div class=\"elementor-button-wrapper\">\n\t\t\t<a class=\"elementor-button elementor-button-link elementor-size-sm\" href=\"https:\/\/docs.google.com\/forms\/d\/e\/1FAIpQLSdwbqnQyrm4fLLYEOGQ9rmsTaHfUnVnIZWPzCFIKYMsvEIT3A\/viewform?pli=1\" target=\"_blank\">\n\t\t\t\t\t\t<span class=\"elementor-button-content-wrapper\">\n\t\t\t\t\t\t\t\t\t<span class=\"elementor-button-text\">Registrate aqu\u00ed<\/span>\n\t\t\t\t\t<\/span>\n\t\t\t\t\t<\/a>\n\t\t<\/div>\n\t\t\t\t<\/div>\n\t\t\t\t<\/div>\n\t\t\t\t\t<\/div>\n\t\t<\/div>\n\t\t\t\t\t<\/div>\n\t\t<\/section>\n\t\t\t\t<section class=\"elementor-section elementor-top-section elementor-element elementor-element-5edaa3c elementor-section-boxed elementor-section-height-default elementor-section-height-default\" data-id=\"5edaa3c\" data-element_type=\"section\">\n\t\t\t\t\t\t<div class=\"elementor-container elementor-column-gap-default\">\n\t\t\t\t\t<div class=\"elementor-column elementor-col-100 elementor-top-column elementor-element elementor-element-5f9b765\" data-id=\"5f9b765\" data-element_type=\"column\">\n\t\t\t<div class=\"elementor-widget-wrap elementor-element-populated\">\n\t\t\t\t\t\t<div class=\"elementor-element elementor-element-a03fd0a elementor-widget elementor-widget-image\" data-id=\"a03fd0a\" data-element_type=\"widget\" data-widget_type=\"image.default\">\n\t\t\t\t<div class=\"elementor-widget-container\">\n\t\t\t\t\t\t\t\t\t\t\t\t\t\t<a href=\"https:\/\/docs.google.com\/forms\/d\/e\/1FAIpQLSdwbqnQyrm4fLLYEOGQ9rmsTaHfUnVnIZWPzCFIKYMsvEIT3A\/viewform?pli=1\">\n\t\t\t\t\t\t\t<img decoding=\"async\" width=\"300\" height=\"300\" src=\"https:\/\/revistapolitecnicaags.upa.edu.mx\/wp-content\/uploads\/2025\/04\/qr_google_form_with_logo-300x300.png\" class=\"attachment-medium size-medium wp-image-1805\" alt=\"\" srcset=\"https:\/\/revistapolitecnicaags.upa.edu.mx\/wp-content\/uploads\/2025\/04\/qr_google_form_with_logo-300x300.png 300w, https:\/\/revistapolitecnicaags.upa.edu.mx\/wp-content\/uploads\/2025\/04\/qr_google_form_with_logo-150x150.png 150w, https:\/\/revistapolitecnicaags.upa.edu.mx\/wp-content\/uploads\/2025\/04\/qr_google_form_with_logo-570x570.png 570w, https:\/\/revistapolitecnicaags.upa.edu.mx\/wp-content\/uploads\/2025\/04\/qr_google_form_with_logo-380x380.png 380w, https:\/\/revistapolitecnicaags.upa.edu.mx\/wp-content\/uploads\/2025\/04\/qr_google_form_with_logo-285x285.png 285w, https:\/\/revistapolitecnicaags.upa.edu.mx\/wp-content\/uploads\/2025\/04\/qr_google_form_with_logo.png 650w\" sizes=\"(max-width: 300px) 100vw, 300px\" \/>\t\t\t\t\t\t\t\t<\/a>\n\t\t\t\t\t\t\t\t\t\t\t\t\t<\/div>\n\t\t\t\t<\/div>\n\t\t\t\t\t<\/div>\n\t\t<\/div>\n\t\t\t\t\t<\/div>\n\t\t<\/section>\n\t\t\t\t<\/div>\n\t\t","protected":false},"excerpt":{"rendered":"<p>En nombre del comit\u00e9 organizador del IV&nbsp;Ciclo&nbsp;de&nbsp;Conferencias&nbsp;en Clima, Energ\u00eda y Sustentabilidad CCCEyS 2025, nos complace extenderle una atenta invitaci\u00f3n. El&nbsp;CCCEyS 2025,&nbsp;se celebrar\u00e1 del&nbsp; 28 al 30 de mayo del 2025&nbsp;en el Centro de Investigaci\u00f3n en Qu\u00edmica Aplicada&nbsp; (CIQA)&nbsp;ubicado en Saltillo, Coahuila y reunir\u00e1 a destacados investigadores y profesionales en el campo del Clima, Energ\u00eda y<\/p>\n<p><a href=\"https:\/\/revistapolitecnicaags.upa.edu.mx\/index.php\/3er-ciclo-de-conferencias-en-clima-energia-y-sustentabilidad\/\" class=\"more-link themebutton\">Read More<\/a><\/p>\n","protected":false},"author":1,"featured_media":0,"parent":0,"menu_order":0,"comment_status":"closed","ping_status":"closed","template":"","meta":{"footnotes":""},"class_list":["post-1200","page","type-page","status-publish","hentry"],"_links":{"self":[{"href":"https:\/\/revistapolitecnicaags.upa.edu.mx\/index.php\/wp-json\/wp\/v2\/pages\/1200"}],"collection":[{"href":"https:\/\/revistapolitecnicaags.upa.edu.mx\/index.php\/wp-json\/wp\/v2\/pages"}],"about":[{"href":"https:\/\/revistapolitecnicaags.upa.edu.mx\/index.php\/wp-json\/wp\/v2\/types\/page"}],"author":[{"embeddable":true,"href":"https:\/\/revistapolitecnicaags.upa.edu.mx\/index.php\/wp-json\/wp\/v2\/users\/1"}],"replies":[{"embeddable":true,"href":"https:\/\/revistapolitecnicaags.upa.edu.mx\/index.php\/wp-json\/wp\/v2\/comments?post=1200"}],"version-history":[{"count":87,"href":"https:\/\/revistapolitecnicaags.upa.edu.mx\/index.php\/wp-json\/wp\/v2\/pages\/1200\/revisions"}],"predecessor-version":[{"id":1809,"href":"https:\/\/revistapolitecnicaags.upa.edu.mx\/index.php\/wp-json\/wp\/v2\/pages\/1200\/revisions\/1809"}],"wp:attachment":[{"href":"https:\/\/revistapolitecnicaags.upa.edu.mx\/index.php\/wp-json\/wp\/v2\/media?parent=1200"}],"curies":[{"name":"wp","href":"https:\/\/api.w.org\/{rel}","templated":true}]}}