{"id":127,"date":"2022-10-13T21:14:17","date_gmt":"2022-10-13T21:14:17","guid":{"rendered":"http:\/\/10.10.13.1\/?page_id=127"},"modified":"2026-04-03T00:54:02","modified_gmt":"2026-04-03T00:54:02","slug":"equipo-editorial","status":"publish","type":"page","link":"https:\/\/revistapolitecnicaags.upa.edu.mx\/index.php\/equipo-editorial\/","title":{"rendered":"Equipo Editorial"},"content":{"rendered":"\t\t<div data-elementor-type=\"wp-page\" data-elementor-id=\"127\" class=\"elementor elementor-127\">\n\t\t\t\t\t\t<section class=\"elementor-section elementor-top-section elementor-element elementor-element-dd8a97a elementor-section-boxed elementor-section-height-default elementor-section-height-default\" data-id=\"dd8a97a\" data-element_type=\"section\">\n\t\t\t\t\t\t<div class=\"elementor-container elementor-column-gap-default\">\n\t\t\t\t\t<div class=\"elementor-column elementor-col-100 elementor-top-column elementor-element elementor-element-2c531d4\" data-id=\"2c531d4\" data-element_type=\"column\">\n\t\t\t<div class=\"elementor-widget-wrap elementor-element-populated\">\n\t\t\t\t\t\t<div class=\"elementor-element elementor-element-ee1f519 elementor-widget elementor-widget-text-editor\" data-id=\"ee1f519\" data-element_type=\"widget\" data-widget_type=\"text-editor.default\">\n\t\t\t\t<div class=\"elementor-widget-container\">\n\t\t\t<style>\/*! elementor - v3.23.0 - 25-07-2024 *\/\n.elementor-widget-text-editor.elementor-drop-cap-view-stacked .elementor-drop-cap{background-color:#69727d;color:#fff}.elementor-widget-text-editor.elementor-drop-cap-view-framed .elementor-drop-cap{color:#69727d;border:3px solid;background-color:transparent}.elementor-widget-text-editor:not(.elementor-drop-cap-view-default) .elementor-drop-cap{margin-top:8px}.elementor-widget-text-editor:not(.elementor-drop-cap-view-default) .elementor-drop-cap-letter{width:1em;height:1em}.elementor-widget-text-editor .elementor-drop-cap{float:left;text-align:center;line-height:1;font-size:50px}.elementor-widget-text-editor .elementor-drop-cap-letter{display:inline-block}<\/style>\t\t\t\t<h3>Universidad Polit\u00e9cnica de Aguascalientes<\/h3><p>M.A.F. Otto Granados Franco, <em>Rector<\/em><\/p><p>Ing. Jorge Maldonado Diaz, <em>Secretario Administrativo<\/em><\/p><p>M.I. Ra\u00fal Guti\u00e9rrez Perucho,\u00a0<em>Secretario\u00a0<\/em><i>Acad\u00e9mico<\/i><\/p><p>Dr. Victor Arturo Maldonado Ruelas,\u00a0<em>Director de Posgrado e Investigaci\u00f3n<\/em><\/p>\t\t\t\t\t\t<\/div>\n\t\t\t\t<\/div>\n\t\t\t\t\t<\/div>\n\t\t<\/div>\n\t\t\t\t\t<\/div>\n\t\t<\/section>\n\t\t\t\t<section class=\"elementor-section elementor-top-section elementor-element elementor-element-b34680a elementor-section-boxed elementor-section-height-default elementor-section-height-default\" data-id=\"b34680a\" data-element_type=\"section\">\n\t\t\t\t\t\t<div class=\"elementor-container elementor-column-gap-default\">\n\t\t\t\t\t<div class=\"elementor-column elementor-col-100 elementor-top-column elementor-element elementor-element-34367cd\" data-id=\"34367cd\" data-element_type=\"column\">\n\t\t\t<div class=\"elementor-widget-wrap elementor-element-populated\">\n\t\t\t\t\t\t<div class=\"elementor-element elementor-element-965131f elementor-widget elementor-widget-text-editor\" data-id=\"965131f\" data-element_type=\"widget\" data-widget_type=\"text-editor.default\">\n\t\t\t\t<div class=\"elementor-widget-container\">\n\t\t\t\t\t\t\t<h3>Editor en Jefe<\/h3><p>Dr. Ra\u00fal Arturo Ortiz Medina, <em>Universidad Polit\u00e9cnica de Aguascalientes<\/em><\/p>\t\t\t\t\t\t<\/div>\n\t\t\t\t<\/div>\n\t\t\t\t\t<\/div>\n\t\t<\/div>\n\t\t\t\t\t<\/div>\n\t\t<\/section>\n\t\t\t\t<section class=\"elementor-section elementor-top-section elementor-element elementor-element-a982922 elementor-section-boxed elementor-section-height-default elementor-section-height-default\" data-id=\"a982922\" data-element_type=\"section\">\n\t\t\t\t\t\t<div class=\"elementor-container elementor-column-gap-default\">\n\t\t\t\t\t<div class=\"elementor-column elementor-col-100 elementor-top-column elementor-element elementor-element-52d824d\" data-id=\"52d824d\" data-element_type=\"column\">\n\t\t\t<div class=\"elementor-widget-wrap elementor-element-populated\">\n\t\t\t\t\t\t<div class=\"elementor-element elementor-element-2e92fe3 elementor-widget elementor-widget-text-editor\" data-id=\"2e92fe3\" data-element_type=\"widget\" data-widget_type=\"text-editor.default\">\n\t\t\t\t<div class=\"elementor-widget-container\">\n\t\t\t\t\t\t\t<h3>Comit\u00e9 Editorial Volumen 6<\/h3><p>Dr. Francisco Beltr\u00e1n Carbajal, Universidad Aut\u00f3noma Metropolitana, Unidad Azcapotzalco<br \/>Dr. Sathish Kumar Kamaraj, Instituto Polit\u00e9cnico Nacional, CICATA Altamira<br \/>Dra. Martha Ofelia Aldana Aguilar, Universidad Polit\u00e9cnica de Aguascalientes<br \/>Dr. Serguei Maximov, Tecnol\u00f3gico Nacional de M\u00e9xico, campus Morelia<br \/>Dra. Araceli Alvarado Carrillo, Universidad Polit\u00e9cnica de Aguascalientes<br \/>Dr. Adri\u00e1n G\u00f3mez Gonz\u00e1lez, Colegio de Postgraduados, Campus San Luis Potos\u00ed<br \/>Dr. Wilgince Apollon, Instituto Polit\u00e9cnico Nacional, CICATA Altamira<br \/>Dr. Paul Ram\u00edrez S\u00e1nchez, Universidad Veracruzana, Campus Poza Rica<br \/>Dra. Lidia Elizabeth Verduzco Grajeda, Universidad Tecnol\u00f3gica del Norte de Aguascalientes<br \/>Dr. Victor Arturo Maldonado Ruelas, Universidad Polit\u00e9cnica de Aguascalientes<br \/>Dr. Arturo Corrales Suastegui Instituto Nacional de Investigaciones Forestales, Agr\u00edcolas y<br \/>Pecuarias INIFAP<\/p>\t\t\t\t\t\t<\/div>\n\t\t\t\t<\/div>\n\t\t\t\t\t<\/div>\n\t\t<\/div>\n\t\t\t\t\t<\/div>\n\t\t<\/section>\n\t\t\t\t<section class=\"elementor-section elementor-top-section elementor-element elementor-element-e432759 elementor-section-boxed elementor-section-height-default elementor-section-height-default\" data-id=\"e432759\" data-element_type=\"section\">\n\t\t\t\t\t\t<div class=\"elementor-container elementor-column-gap-default\">\n\t\t\t\t\t<div class=\"elementor-column elementor-col-100 elementor-top-column elementor-element elementor-element-94871eb\" data-id=\"94871eb\" data-element_type=\"column\">\n\t\t\t<div class=\"elementor-widget-wrap elementor-element-populated\">\n\t\t\t\t\t\t<div class=\"elementor-element elementor-element-9afbbe2 elementor-widget__width-initial elementor-widget elementor-widget-text-editor\" data-id=\"9afbbe2\" data-element_type=\"widget\" data-widget_type=\"text-editor.default\">\n\t\t\t\t<div class=\"elementor-widget-container\">\n\t\t\t\t\t\t\t<h3>Grupo Revisor Volumen 6<\/h3><div><p style=\"margin-bottom: 7.0pt;\">Dr. Alejandro Delgado Cruz Universidad Aut\u00f3noma del Estado de M\u00e9xico<br \/>Dra. Dulce Mar\u00eda Reyes Barrera Universidad de Guanajuato<br \/>Dr. Oscar Ra\u00fal Mancilla Villa Universidad de Guadalajara<br \/>Dra. Adriana Caballero Roque Universidad de Ciencias y Artes de Chiapas<br \/>Dr. Fernando Martell Ch\u00e1vez Centro de Investigaciones en \u00d3ptica<br \/>Dr. Juan Rodolfo Omote Sibina Universidad Nacional Agraria La Molina, Per\u00fa<br \/>Dr. Alfonso L\u00f3pez Lira Arjona Universidad Aut\u00f3noma de Nuevo Le\u00f3n<br \/>Dr. Eric Gustavo Bautista God\u00ednez Instituto Polit\u00e9cnico Nacional<br \/>Dr. Alejandro Islas J\u00e1come Universidad Aut\u00f3noma Metropolitana, Unidad Iztapalapa<br \/>Dra. Lluvia Itzel L\u00f3pez L\u00f3pez Universidad Aut\u00f3noma de San Luis Potos\u00ed<br \/>Dra. Katia Nayely Gonz\u00e1lez Guti\u00e9rrez Instituto Tecnol\u00f3gico de Tepic, Tecnol\u00f3gico Nacional de M\u00e9xico<br \/>Dra. Tania Breshkovskaya Ortiz Escobar Universidad Polit\u00e9cnica de G\u00f3mez Palacio<\/p><\/div>\t\t\t\t\t\t<\/div>\n\t\t\t\t<\/div>\n\t\t\t\t\t<\/div>\n\t\t<\/div>\n\t\t\t\t\t<\/div>\n\t\t<\/section>\n\t\t\t\t<section class=\"elementor-section elementor-top-section elementor-element elementor-element-43784ca elementor-section-boxed elementor-section-height-default elementor-section-height-default\" data-id=\"43784ca\" data-element_type=\"section\">\n\t\t\t\t\t\t<div class=\"elementor-container elementor-column-gap-default\">\n\t\t\t\t\t<div class=\"elementor-column elementor-col-100 elementor-top-column elementor-element elementor-element-7c40faf\" data-id=\"7c40faf\" data-element_type=\"column\">\n\t\t\t<div class=\"elementor-widget-wrap elementor-element-populated\">\n\t\t\t\t\t\t<div class=\"elementor-element elementor-element-41261b5 elementor-widget elementor-widget-text-editor\" data-id=\"41261b5\" data-element_type=\"widget\" data-widget_type=\"text-editor.default\">\n\t\t\t\t<div class=\"elementor-widget-container\">\n\t\t\t\t\t\t\t<h3 style=\"font-style: normal;\">Soporte T\u00e9cnico<\/h3>\n<div><span style=\"font-family: Roboto, sans-serif; font-size: 16px; font-style: normal; font-weight: 400;\">Dr. Jos\u00e9 Eder Guzm\u00e1n Mendoza,<\/span><em style=\"font-family: Roboto, sans-serif; font-size: 16px; font-weight: 400;\">&nbsp;Universidad Polit\u00e9cnica de Aguascalientes<\/em><br><em style=\"font-family: Roboto, sans-serif; font-size: 16px; font-weight: 400;\"><br><\/em><\/div>\n<p><span style=\"font-family: Roboto, sans-serif; font-size: 16px; font-style: normal; font-weight: 400; text-align: justify; color: var( --e-global-color-text ); letter-spacing: 0px;\">Ing. Ru<\/span><span style=\"font-size: 16px;\">b\u00e9n Ch\u00e1vez Mart\u00ednez,&nbsp;<\/span><em style=\"font-family: Roboto, sans-serif; font-weight: 400; color: var( --e-global-color-text ); letter-spacing: var( --e-global-typography-text-letter-spacing ); word-spacing: var( --e-global-typography-text-word-spacing ); font-size: 16px;\">Universidad Polit\u00e9cnica de Aguascalientes<\/em><\/p>\t\t\t\t\t\t<\/div>\n\t\t\t\t<\/div>\n\t\t\t\t\t<\/div>\n\t\t<\/div>\n\t\t\t\t\t<\/div>\n\t\t<\/section>\n\t\t\t\t<\/div>\n\t\t","protected":false},"excerpt":{"rendered":"<p>Universidad Polit\u00e9cnica de Aguascalientes M.A.F. Otto Granados Franco, Rector Ing. Jorge Maldonado Diaz, Secretario Administrativo M.I. Ra\u00fal Guti\u00e9rrez Perucho,\u00a0Secretario\u00a0Acad\u00e9mico Dr. Victor Arturo Maldonado Ruelas,\u00a0Director de Posgrado e Investigaci\u00f3n Editor en Jefe Dr. Ra\u00fal Arturo Ortiz Medina, Universidad Polit\u00e9cnica de Aguascalientes Comit\u00e9 Editorial Volumen 6 Dr. Francisco Beltr\u00e1n Carbajal, Universidad Aut\u00f3noma Metropolitana, Unidad AzcapotzalcoDr. Sathish Kumar<\/p>\n<p><a href=\"https:\/\/revistapolitecnicaags.upa.edu.mx\/index.php\/equipo-editorial\/\" class=\"more-link themebutton\">Read More<\/a><\/p>\n","protected":false},"author":1,"featured_media":0,"parent":0,"menu_order":0,"comment_status":"closed","ping_status":"closed","template":"","meta":{"footnotes":""},"class_list":["post-127","page","type-page","status-publish","hentry"],"_links":{"self":[{"href":"https:\/\/revistapolitecnicaags.upa.edu.mx\/index.php\/wp-json\/wp\/v2\/pages\/127"}],"collection":[{"href":"https:\/\/revistapolitecnicaags.upa.edu.mx\/index.php\/wp-json\/wp\/v2\/pages"}],"about":[{"href":"https:\/\/revistapolitecnicaags.upa.edu.mx\/index.php\/wp-json\/wp\/v2\/types\/page"}],"author":[{"embeddable":true,"href":"https:\/\/revistapolitecnicaags.upa.edu.mx\/index.php\/wp-json\/wp\/v2\/users\/1"}],"replies":[{"embeddable":true,"href":"https:\/\/revistapolitecnicaags.upa.edu.mx\/index.php\/wp-json\/wp\/v2\/comments?post=127"}],"version-history":[{"count":106,"href":"https:\/\/revistapolitecnicaags.upa.edu.mx\/index.php\/wp-json\/wp\/v2\/pages\/127\/revisions"}],"predecessor-version":[{"id":2081,"href":"https:\/\/revistapolitecnicaags.upa.edu.mx\/index.php\/wp-json\/wp\/v2\/pages\/127\/revisions\/2081"}],"wp:attachment":[{"href":"https:\/\/revistapolitecnicaags.upa.edu.mx\/index.php\/wp-json\/wp\/v2\/media?parent=127"}],"curies":[{"name":"wp","href":"https:\/\/api.w.org\/{rel}","templated":true}]}}