{"id":1546,"date":"2024-09-11T19:49:14","date_gmt":"2024-09-11T19:49:14","guid":{"rendered":"https:\/\/revistapolitecnicaags.upa.edu.mx\/?page_id=1546"},"modified":"2026-03-12T17:42:22","modified_gmt":"2026-03-12T17:42:22","slug":"citycs","status":"publish","type":"page","link":"https:\/\/revistapolitecnicaags.upa.edu.mx\/index.php\/citycs\/","title":{"rendered":"CITyCS"},"content":{"rendered":"\t\t<div data-elementor-type=\"wp-page\" data-elementor-id=\"1546\" class=\"elementor elementor-1546\">\n\t\t\t\t\t\t<section class=\"elementor-section elementor-top-section elementor-element elementor-element-e23f53e elementor-section-boxed elementor-section-height-default elementor-section-height-default\" data-id=\"e23f53e\" data-element_type=\"section\">\n\t\t\t\t\t\t<div class=\"elementor-container elementor-column-gap-default\">\n\t\t\t\t\t<div class=\"elementor-column elementor-col-100 elementor-top-column elementor-element elementor-element-037c4c0\" data-id=\"037c4c0\" data-element_type=\"column\">\n\t\t\t<div class=\"elementor-widget-wrap elementor-element-populated\">\n\t\t\t\t\t\t<div class=\"elementor-element elementor-element-959fb7d elementor-widget elementor-widget-image\" data-id=\"959fb7d\" data-element_type=\"widget\" data-widget_type=\"image.default\">\n\t\t\t\t<div class=\"elementor-widget-container\">\n\t\t\t<style>\/*! elementor - v3.23.0 - 25-07-2024 *\/\n.elementor-widget-image{text-align:center}.elementor-widget-image a{display:inline-block}.elementor-widget-image a img[src$=\".svg\"]{width:48px}.elementor-widget-image img{vertical-align:middle;display:inline-block}<\/style>\t\t\t\t\t\t\t\t\t\t<img fetchpriority=\"high\" decoding=\"async\" width=\"1024\" height=\"1024\" src=\"https:\/\/revistapolitecnicaags.upa.edu.mx\/wp-content\/uploads\/2026\/03\/Logo-azul-2do-CITyCS-2-1024x1024.jpg\" class=\"attachment-large size-large wp-image-2025\" alt=\"\" srcset=\"https:\/\/revistapolitecnicaags.upa.edu.mx\/wp-content\/uploads\/2026\/03\/Logo-azul-2do-CITyCS-2-1024x1024.jpg 1024w, https:\/\/revistapolitecnicaags.upa.edu.mx\/wp-content\/uploads\/2026\/03\/Logo-azul-2do-CITyCS-2-300x300.jpg 300w, https:\/\/revistapolitecnicaags.upa.edu.mx\/wp-content\/uploads\/2026\/03\/Logo-azul-2do-CITyCS-2-150x150.jpg 150w, https:\/\/revistapolitecnicaags.upa.edu.mx\/wp-content\/uploads\/2026\/03\/Logo-azul-2do-CITyCS-2-768x768.jpg 768w, https:\/\/revistapolitecnicaags.upa.edu.mx\/wp-content\/uploads\/2026\/03\/Logo-azul-2do-CITyCS-2-570x570.jpg 570w, https:\/\/revistapolitecnicaags.upa.edu.mx\/wp-content\/uploads\/2026\/03\/Logo-azul-2do-CITyCS-2-380x380.jpg 380w, https:\/\/revistapolitecnicaags.upa.edu.mx\/wp-content\/uploads\/2026\/03\/Logo-azul-2do-CITyCS-2-285x285.jpg 285w, https:\/\/revistapolitecnicaags.upa.edu.mx\/wp-content\/uploads\/2026\/03\/Logo-azul-2do-CITyCS-2.jpg 1444w\" sizes=\"(max-width: 1024px) 100vw, 1024px\" \/>\t\t\t\t\t\t\t\t\t\t\t\t\t<\/div>\n\t\t\t\t<\/div>\n\t\t\t\t\t<\/div>\n\t\t<\/div>\n\t\t\t\t\t<\/div>\n\t\t<\/section>\n\t\t\t\t<section class=\"elementor-section elementor-top-section elementor-element elementor-element-b63b588 elementor-section-boxed elementor-section-height-default elementor-section-height-default\" data-id=\"b63b588\" data-element_type=\"section\">\n\t\t\t\t\t\t<div class=\"elementor-container elementor-column-gap-default\">\n\t\t\t\t\t<div class=\"elementor-column elementor-col-100 elementor-top-column elementor-element elementor-element-df33477\" data-id=\"df33477\" data-element_type=\"column\">\n\t\t\t<div class=\"elementor-widget-wrap elementor-element-populated\">\n\t\t\t\t\t\t<div class=\"elementor-element elementor-element-5b99d19 elementor-widget elementor-widget-text-editor\" data-id=\"5b99d19\" data-element_type=\"widget\" data-widget_type=\"text-editor.default\">\n\t\t\t\t<div class=\"elementor-widget-container\">\n\t\t\t<style>\/*! elementor - v3.23.0 - 25-07-2024 *\/\n.elementor-widget-text-editor.elementor-drop-cap-view-stacked .elementor-drop-cap{background-color:#69727d;color:#fff}.elementor-widget-text-editor.elementor-drop-cap-view-framed .elementor-drop-cap{color:#69727d;border:3px solid;background-color:transparent}.elementor-widget-text-editor:not(.elementor-drop-cap-view-default) .elementor-drop-cap{margin-top:8px}.elementor-widget-text-editor:not(.elementor-drop-cap-view-default) .elementor-drop-cap-letter{width:1em;height:1em}.elementor-widget-text-editor .elementor-drop-cap{float:left;text-align:center;line-height:1;font-size:50px}.elementor-widget-text-editor .elementor-drop-cap-letter{display:inline-block}<\/style>\t\t\t\t<h2 style=\"text-align: center;\"><strong>La Universidad Polit\u00e9cnica de Aguascalientes convoca a investigadores, acad\u00e9micos, estudiantes y comunidad cient\u00edfica en general a participar en el 2do Congreso de Ingenier\u00eda, Tecnolog\u00eda y Ciencias Sociales CITyCS 2025.\u00a0<\/strong><\/h2><div><strong>\u00a0<\/strong><\/div><div><strong>\u00a0<\/strong><\/div><div><strong>\u00a0<\/strong><\/div><div><strong>\u00a0<\/strong><\/div><h3>La Revista Polit\u00e9cnica de Aguascalientes tiene el agrado de invitar a los asistentes al congreso, a someter sus trabajos de investigaci\u00f3n a la revista.\u00a0<\/h3><h3>Los autores que as\u00ed lo deseen, en lugar de un resumen,\u00a0podr\u00e1n someter su trabajo en extenso (entre 6 y 8\u00a0p\u00e1ginas) a la Revista Polit\u00e9cnica de Aguascalientes\u00a0con ISSN: 2954-5102; ya sea que participen con p\u00f3ster\u00a0o con ponencia. De esta forma su trabajo ser\u00eda\u00a0revisado simult\u00e1nea e independientemente por el\u00a0Comit\u00e9 del CITyCS y por el Comit\u00e9 de la Revista\u00a0Polit\u00e9cnica de Aguascalientes. La publicaci\u00f3n en la\u00a0revista no implica ning\u00fan costo adicional.\u00a0<\/h3><h3>Al someter tu trabajo, selecciona la opci\u00f3n de ponencia o p\u00f3ster con publicaci\u00f3n en la Revista Polit\u00e9cnica de Aguascalientes<\/h3>\t\t\t\t\t\t<\/div>\n\t\t\t\t<\/div>\n\t\t\t\t\t<\/div>\n\t\t<\/div>\n\t\t\t\t\t<\/div>\n\t\t<\/section>\n\t\t\t\t<section class=\"elementor-section elementor-top-section elementor-element elementor-element-5813a29 elementor-section-boxed elementor-section-height-default elementor-section-height-default\" data-id=\"5813a29\" data-element_type=\"section\">\n\t\t\t\t\t\t<div class=\"elementor-container elementor-column-gap-default\">\n\t\t\t\t\t<div class=\"elementor-column elementor-col-100 elementor-top-column elementor-element elementor-element-3305566\" data-id=\"3305566\" data-element_type=\"column\">\n\t\t\t<div class=\"elementor-widget-wrap elementor-element-populated\">\n\t\t\t\t\t\t<div class=\"elementor-element elementor-element-87d99c4 elementor-align-center elementor-widget elementor-widget-button\" data-id=\"87d99c4\" data-element_type=\"widget\" data-widget_type=\"button.default\">\n\t\t\t\t<div class=\"elementor-widget-container\">\n\t\t\t\t\t<div class=\"elementor-button-wrapper\">\n\t\t\t<a class=\"elementor-button elementor-button-link elementor-size-sm\" href=\"http:\/\/revistapolitecnicaags.upa.edu.mx\/wp-content\/uploads\/2026\/03\/Convocatoria-CITyCS-2025-1.pdf\" target=\"_blank\">\n\t\t\t\t\t\t<span class=\"elementor-button-content-wrapper\">\n\t\t\t\t\t\t\t\t\t<span class=\"elementor-button-text\">Convocatoria CITyCS<\/span>\n\t\t\t\t\t<\/span>\n\t\t\t\t\t<\/a>\n\t\t<\/div>\n\t\t\t\t<\/div>\n\t\t\t\t<\/div>\n\t\t\t\t<div class=\"elementor-element elementor-element-3d32df6 elementor-align-center elementor-widget elementor-widget-button\" data-id=\"3d32df6\" data-element_type=\"widget\" data-widget_type=\"button.default\">\n\t\t\t\t<div class=\"elementor-widget-container\">\n\t\t\t\t\t<div class=\"elementor-button-wrapper\">\n\t\t\t<a class=\"elementor-button elementor-button-link elementor-size-sm\" href=\"https:\/\/docs.google.com\/forms\/d\/e\/1FAIpQLScqDHUHc5Wok5In_wPRLfKHkHhi1byMo8k_gyWXajmSlN1lSw\/viewform?usp=sharing&#038;ouid=101282193050741935508\" target=\"_blank\">\n\t\t\t\t\t\t<span class=\"elementor-button-content-wrapper\">\n\t\t\t\t\t\t\t\t\t<span class=\"elementor-button-text\">Somete aqu\u00ed tu trabajo<\/span>\n\t\t\t\t\t<\/span>\n\t\t\t\t\t<\/a>\n\t\t<\/div>\n\t\t\t\t<\/div>\n\t\t\t\t<\/div>\n\t\t\t\t\t<\/div>\n\t\t<\/div>\n\t\t\t\t\t<\/div>\n\t\t<\/section>\n\t\t\t\t<\/div>\n\t\t","protected":false},"excerpt":{"rendered":"<p>La Universidad Polit\u00e9cnica de Aguascalientes convoca a investigadores, acad\u00e9micos, estudiantes y comunidad cient\u00edfica en general a participar en el 2do Congreso de Ingenier\u00eda, Tecnolog\u00eda y Ciencias Sociales CITyCS 2025.\u00a0 \u00a0\u00a0\u00a0\u00a0 La Revista Polit\u00e9cnica de Aguascalientes tiene el agrado de invitar a los asistentes al congreso, a someter sus trabajos de investigaci\u00f3n a la revista.\u00a0 Los<\/p>\n<p><a href=\"https:\/\/revistapolitecnicaags.upa.edu.mx\/index.php\/citycs\/\" class=\"more-link themebutton\">Read More<\/a><\/p>\n","protected":false},"author":1,"featured_media":0,"parent":0,"menu_order":0,"comment_status":"closed","ping_status":"closed","template":"","meta":{"footnotes":""},"class_list":["post-1546","page","type-page","status-publish","hentry"],"_links":{"self":[{"href":"https:\/\/revistapolitecnicaags.upa.edu.mx\/index.php\/wp-json\/wp\/v2\/pages\/1546"}],"collection":[{"href":"https:\/\/revistapolitecnicaags.upa.edu.mx\/index.php\/wp-json\/wp\/v2\/pages"}],"about":[{"href":"https:\/\/revistapolitecnicaags.upa.edu.mx\/index.php\/wp-json\/wp\/v2\/types\/page"}],"author":[{"embeddable":true,"href":"https:\/\/revistapolitecnicaags.upa.edu.mx\/index.php\/wp-json\/wp\/v2\/users\/1"}],"replies":[{"embeddable":true,"href":"https:\/\/revistapolitecnicaags.upa.edu.mx\/index.php\/wp-json\/wp\/v2\/comments?post=1546"}],"version-history":[{"count":16,"href":"https:\/\/revistapolitecnicaags.upa.edu.mx\/index.php\/wp-json\/wp\/v2\/pages\/1546\/revisions"}],"predecessor-version":[{"id":2028,"href":"https:\/\/revistapolitecnicaags.upa.edu.mx\/index.php\/wp-json\/wp\/v2\/pages\/1546\/revisions\/2028"}],"wp:attachment":[{"href":"https:\/\/revistapolitecnicaags.upa.edu.mx\/index.php\/wp-json\/wp\/v2\/media?parent=1546"}],"curies":[{"name":"wp","href":"https:\/\/api.w.org\/{rel}","templated":true}]}}