{"id":157,"date":"2022-10-20T17:28:59","date_gmt":"2022-10-20T17:28:59","guid":{"rendered":"http:\/\/10.10.13.1\/?page_id=157"},"modified":"2023-06-22T15:45:06","modified_gmt":"2023-06-22T15:45:06","slug":"declaracion-de-privacidad","status":"publish","type":"page","link":"https:\/\/revistapolitecnicaags.upa.edu.mx\/index.php\/declaracion-de-privacidad\/","title":{"rendered":"Aviso de Privacidad"},"content":{"rendered":"\t\t<div data-elementor-type=\"wp-page\" data-elementor-id=\"157\" class=\"elementor elementor-157\">\n\t\t\t\t\t\t<section class=\"elementor-section elementor-top-section elementor-element elementor-element-c6871e2 elementor-section-boxed elementor-section-height-default elementor-section-height-default\" data-id=\"c6871e2\" data-element_type=\"section\">\n\t\t\t\t\t\t<div class=\"elementor-container elementor-column-gap-default\">\n\t\t\t\t\t<div class=\"elementor-column elementor-col-100 elementor-top-column elementor-element elementor-element-7bf4358\" data-id=\"7bf4358\" data-element_type=\"column\">\n\t\t\t<div class=\"elementor-widget-wrap elementor-element-populated\">\n\t\t\t\t\t\t<div class=\"elementor-element elementor-element-a31603d elementor-widget elementor-widget-text-editor\" data-id=\"a31603d\" data-element_type=\"widget\" data-widget_type=\"text-editor.default\">\n\t\t\t\t<div class=\"elementor-widget-container\">\n\t\t\t<style>\/*! elementor - v3.23.0 - 25-07-2024 *\/\n.elementor-widget-text-editor.elementor-drop-cap-view-stacked .elementor-drop-cap{background-color:#69727d;color:#fff}.elementor-widget-text-editor.elementor-drop-cap-view-framed .elementor-drop-cap{color:#69727d;border:3px solid;background-color:transparent}.elementor-widget-text-editor:not(.elementor-drop-cap-view-default) .elementor-drop-cap{margin-top:8px}.elementor-widget-text-editor:not(.elementor-drop-cap-view-default) .elementor-drop-cap-letter{width:1em;height:1em}.elementor-widget-text-editor .elementor-drop-cap{float:left;text-align:center;line-height:1;font-size:50px}.elementor-widget-text-editor .elementor-drop-cap-letter{display:inline-block}<\/style>\t\t\t\t<p><span style=\"font-size:12.0pt;\nfont-family:&quot;Arial&quot;,sans-serif\">La Universidad Polit\u00e9cnica de Aguascalientes\n(UPA) es la responsable del tratamiento de los datos personales que se\nentreguen.<\/span><\/p><p><span style=\"font-size:12.0pt;\nfont-family:&quot;Arial&quot;,sans-serif\"><br><\/span><\/p><p><span style=\"font-size:12.0pt;\nfont-family:&quot;Arial&quot;,sans-serif\">Los datos personales que se recaben se\nutilizar\u00e1n para las siguientes finalidades:<\/span><\/p><p><span style=\"font-size:12.0pt;\nfont-family:Symbol;mso-ascii-font-family:Arial;mso-hansi-font-family:Arial;\nmso-bidi-font-family:Arial;mso-char-type:symbol;mso-symbol-font-family:Symbol\">\u00b7<\/span><span style=\"font-size:12.0pt;font-family:&quot;Arial&quot;,sans-serif\"> Integrar el registro\nde las personas o entidades que participen en la Revista Polit\u00e9cnica de\nAguascalientes. <o:p><\/o:p><\/span><\/p><p><span style=\"font-size:12.0pt;\nfont-family:Symbol;mso-ascii-font-family:Arial;mso-hansi-font-family:Arial;\nmso-bidi-font-family:Arial;mso-char-type:symbol;mso-symbol-font-family:Symbol\">\u00b7<\/span><span style=\"font-size:12.0pt;font-family:&quot;Arial&quot;,sans-serif\"> Identificar a los\nparticipantes de la Revista Polit\u00e9cnica de Aguascalientes.<o:p><\/o:p><\/span><\/p><p><span style=\"font-size:12.0pt;\nfont-family:Symbol;mso-ascii-font-family:Arial;mso-hansi-font-family:Arial;\nmso-bidi-font-family:Arial;mso-char-type:symbol;mso-symbol-font-family:Symbol\">\u00b7<\/span><span style=\"font-size:12.0pt;font-family:&quot;Arial&quot;,sans-serif\"> Cumplir con lo\nestablecido en la Pol\u00edtica editorial de la Revista Polit\u00e9cnica de\nAguascalientes.<o:p><\/o:p><\/span><\/p><p><span style=\"font-size:12.0pt;\nfont-family:Symbol;mso-ascii-font-family:Arial;mso-hansi-font-family:Arial;\nmso-bidi-font-family:Arial;mso-char-type:symbol;mso-symbol-font-family:Symbol\">\u00b7<\/span><span style=\"font-size:12.0pt;font-family:&quot;Arial&quot;,sans-serif\"> Publicar el nombre de los\nparticipantes y sus art\u00edculos.<o:p><\/o:p><\/span><\/p><p><span style=\"font-size:12.0pt;\nfont-family:Symbol;mso-ascii-font-family:Arial;mso-hansi-font-family:Arial;\nmso-bidi-font-family:Arial;mso-char-type:symbol;mso-symbol-font-family:Symbol\">\u00b7<\/span><span style=\"font-size:12.0pt;font-family:&quot;Arial&quot;,sans-serif\"> Otorgar los permisos\nprevistos en la Pol\u00edtica editorial. <o:p><\/o:p><\/span><\/p><p><span style=\"font-size:12.0pt;\nfont-family:&quot;Arial&quot;,sans-serif\">&nbsp;<\/span><\/p><p><span style=\"font-size:12.0pt;\nfont-family:&quot;Arial&quot;,sans-serif\">De manera adicional, se informa que los datos\nrecabados se utilizar\u00e1n para generar estad\u00edsticas e informes, sobre los\nresultados de la publicaci\u00f3n anual en la Revista Polit\u00e9cnica de Aguascalientes.<o:p><\/o:p><\/span><\/p><p><span style=\"font-family: Arial, sans-serif; font-size: 12pt; color: var( --e-global-color-text ); letter-spacing: 0px;\">No obstante, es importante se\u00f1alar que el\ncontenido de las estad\u00edsticas e informes, no estar\u00e1 asociado con el titular de\nlos datos personales, por lo que no ser\u00e1 posible identificarlo, con excepci\u00f3n\ndel nombre de los participantes.<\/span><br><\/p><p><span style=\"font-family: Arial, sans-serif; font-size: 12pt; color: var( --e-global-color-text ); letter-spacing: 0px;\">Es importante especificar que en la publicaci\u00f3n\nde la revista se podr\u00e1 incluir nombre y fotograf\u00eda del participante, haci\u00e9ndolo\nidentificado o identificable.<\/span><br><\/p><p><span style=\"font-family: Arial, sans-serif; font-size: 12pt; color: var( --e-global-color-text ); letter-spacing: 0px;\">En la obtenci\u00f3n de datos, se podr\u00e1n solicitar a\nlos participantes en la Revista que, de conformidad con lo establecido en las Pol\u00edtica\neditorial de la Revista Polit\u00e9cnica de Aguascalientes, se har\u00e1n p\u00fablicos los\nnombres de los participantes, as\u00ed como sus art\u00edculos para que sean difundidos a\ntrav\u00e9s de plataformas digitales.<\/span><br><\/p><p><span style=\"font-family: Arial, sans-serif; font-size: 12pt; color: var( --e-global-color-text ); letter-spacing: 0px;\">No se realizar\u00e1n transferencias de informaci\u00f3n\npersonal adicionales, salvo aqu\u00e9llas que sean necesarias para atender\nrequerimientos de informaci\u00f3n de una autoridad competente, que est\u00e9n\ndebidamente fundados y motivados.<\/span><br><\/p><p><span style=\"font-family: Arial, sans-serif; font-size: 12pt; color: var( --e-global-color-text ); letter-spacing: 0px;\">Usted podr\u00e1 ejercer sus derechos de acceso,\nrectificaci\u00f3n, cancelaci\u00f3n u oposici\u00f3n de sus datos personales (derechos ARCO)\ndirectamente ante la Unidad de Transparencia de esta Universidad, ubicada en\nPaseo San Gerardo No. 207, Fracc. San Gerardo, C.P. 20342, Aguascalientes, Ags.,\no bien, o comunicarse al Tel\u00e9fono (01-449) 4421400.<\/span><br><\/p><p><span style=\"font-family: Arial, sans-serif; font-size: 12pt; color: var( --e-global-color-text ); letter-spacing: 0px;\">Usted podr\u00e1 consultar el Aviso de Privacidad\nIntegral general de la UPA en la siguiente direcci\u00f3n electr\u00f3nica: https:\/\/upa.edu.mx\/avisos-de-privacidad\/\no bien, de manera presencial en las instalaciones de la universidad,\ndirectamente en la Unidad de Transparencia.<\/span><br><\/p>\t\t\t\t\t\t<\/div>\n\t\t\t\t<\/div>\n\t\t\t\t\t<\/div>\n\t\t<\/div>\n\t\t\t\t\t<\/div>\n\t\t<\/section>\n\t\t\t\t<\/div>\n\t\t","protected":false},"excerpt":{"rendered":"<p>La Universidad Polit\u00e9cnica de Aguascalientes (UPA) es la responsable del tratamiento de los datos personales que se entreguen. Los datos personales que se recaben se utilizar\u00e1n para las siguientes finalidades: \u00b7 Integrar el registro de las personas o entidades que participen en la Revista Polit\u00e9cnica de Aguascalientes. \u00b7 Identificar a los participantes de la Revista<\/p>\n<p><a href=\"https:\/\/revistapolitecnicaags.upa.edu.mx\/index.php\/declaracion-de-privacidad\/\" class=\"more-link themebutton\">Read More<\/a><\/p>\n","protected":false},"author":1,"featured_media":0,"parent":0,"menu_order":0,"comment_status":"closed","ping_status":"closed","template":"","meta":{"footnotes":""},"class_list":["post-157","page","type-page","status-publish","hentry"],"_links":{"self":[{"href":"https:\/\/revistapolitecnicaags.upa.edu.mx\/index.php\/wp-json\/wp\/v2\/pages\/157"}],"collection":[{"href":"https:\/\/revistapolitecnicaags.upa.edu.mx\/index.php\/wp-json\/wp\/v2\/pages"}],"about":[{"href":"https:\/\/revistapolitecnicaags.upa.edu.mx\/index.php\/wp-json\/wp\/v2\/types\/page"}],"author":[{"embeddable":true,"href":"https:\/\/revistapolitecnicaags.upa.edu.mx\/index.php\/wp-json\/wp\/v2\/users\/1"}],"replies":[{"embeddable":true,"href":"https:\/\/revistapolitecnicaags.upa.edu.mx\/index.php\/wp-json\/wp\/v2\/comments?post=157"}],"version-history":[{"count":17,"href":"https:\/\/revistapolitecnicaags.upa.edu.mx\/index.php\/wp-json\/wp\/v2\/pages\/157\/revisions"}],"predecessor-version":[{"id":822,"href":"https:\/\/revistapolitecnicaags.upa.edu.mx\/index.php\/wp-json\/wp\/v2\/pages\/157\/revisions\/822"}],"wp:attachment":[{"href":"https:\/\/revistapolitecnicaags.upa.edu.mx\/index.php\/wp-json\/wp\/v2\/media?parent=157"}],"curies":[{"name":"wp","href":"https:\/\/api.w.org\/{rel}","templated":true}]}}