{"id":16,"date":"2022-08-25T19:39:24","date_gmt":"2022-08-25T19:39:24","guid":{"rendered":"http:\/\/10.10.13.1\/?page_id=16"},"modified":"2023-02-23T17:34:28","modified_gmt":"2023-02-23T17:34:28","slug":"contacto","status":"publish","type":"page","link":"https:\/\/revistapolitecnicaags.upa.edu.mx\/index.php\/contacto\/","title":{"rendered":"Contacto"},"content":{"rendered":"\t\t<div data-elementor-type=\"wp-page\" data-elementor-id=\"16\" class=\"elementor elementor-16\">\n\t\t\t\t\t\t<section class=\"elementor-section elementor-top-section elementor-element elementor-element-5c75cee elementor-section-boxed elementor-section-height-default elementor-section-height-default\" data-id=\"5c75cee\" data-element_type=\"section\">\n\t\t\t\t\t\t<div class=\"elementor-container elementor-column-gap-default\">\n\t\t\t\t\t<div class=\"elementor-column elementor-col-100 elementor-top-column elementor-element elementor-element-efa1278\" data-id=\"efa1278\" data-element_type=\"column\">\n\t\t\t<div class=\"elementor-widget-wrap elementor-element-populated\">\n\t\t\t\t\t\t<div class=\"elementor-element elementor-element-c1895b6 elementor-widget elementor-widget-text-editor\" data-id=\"c1895b6\" data-element_type=\"widget\" data-widget_type=\"text-editor.default\">\n\t\t\t\t<div class=\"elementor-widget-container\">\n\t\t\t<style>\/*! elementor - v3.23.0 - 25-07-2024 *\/\n.elementor-widget-text-editor.elementor-drop-cap-view-stacked .elementor-drop-cap{background-color:#69727d;color:#fff}.elementor-widget-text-editor.elementor-drop-cap-view-framed .elementor-drop-cap{color:#69727d;border:3px solid;background-color:transparent}.elementor-widget-text-editor:not(.elementor-drop-cap-view-default) .elementor-drop-cap{margin-top:8px}.elementor-widget-text-editor:not(.elementor-drop-cap-view-default) .elementor-drop-cap-letter{width:1em;height:1em}.elementor-widget-text-editor .elementor-drop-cap{float:left;text-align:center;line-height:1;font-size:50px}.elementor-widget-text-editor .elementor-drop-cap-letter{display:inline-block}<\/style>\t\t\t\t<p>Si requiere informaci\u00f3n de la revista o tiene alguna duda o comentario, no dude en contactar al equipo editorial a trav\u00e9s del correo <span style=\"color: #0000ff;\">revistapolitecnicaags@upa.edu.mx<\/span><\/p><p>Tambi\u00e9n puede dirigirse directamente con el editor en jefe al correo <span style=\"color: #0000ff;\">raul.ortiz@upa.edu.mx<\/span><\/p><p>Si\u00a0usted ha sometido un manuscrito puede dirigirse directamente con el miembro del equipo editorial con quien hizo su primer contacto o con el editor en jefe.<\/p>\t\t\t\t\t\t<\/div>\n\t\t\t\t<\/div>\n\t\t\t\t\t<\/div>\n\t\t<\/div>\n\t\t\t\t\t<\/div>\n\t\t<\/section>\n\t\t\t\t<\/div>\n\t\t","protected":false},"excerpt":{"rendered":"<p>Si requiere informaci\u00f3n de la revista o tiene alguna duda o comentario, no dude en contactar al equipo editorial a trav\u00e9s del correo revistapolitecnicaags@upa.edu.mx Tambi\u00e9n puede dirigirse directamente con el editor en jefe al correo raul.ortiz@upa.edu.mx Si\u00a0usted ha sometido un manuscrito puede dirigirse directamente con el miembro del equipo editorial con quien hizo su primer<\/p>\n<p><a href=\"https:\/\/revistapolitecnicaags.upa.edu.mx\/index.php\/contacto\/\" class=\"more-link themebutton\">Read More<\/a><\/p>\n","protected":false},"author":1,"featured_media":0,"parent":0,"menu_order":0,"comment_status":"closed","ping_status":"closed","template":"","meta":{"footnotes":""},"class_list":["post-16","page","type-page","status-publish","hentry"],"_links":{"self":[{"href":"https:\/\/revistapolitecnicaags.upa.edu.mx\/index.php\/wp-json\/wp\/v2\/pages\/16"}],"collection":[{"href":"https:\/\/revistapolitecnicaags.upa.edu.mx\/index.php\/wp-json\/wp\/v2\/pages"}],"about":[{"href":"https:\/\/revistapolitecnicaags.upa.edu.mx\/index.php\/wp-json\/wp\/v2\/types\/page"}],"author":[{"embeddable":true,"href":"https:\/\/revistapolitecnicaags.upa.edu.mx\/index.php\/wp-json\/wp\/v2\/users\/1"}],"replies":[{"embeddable":true,"href":"https:\/\/revistapolitecnicaags.upa.edu.mx\/index.php\/wp-json\/wp\/v2\/comments?post=16"}],"version-history":[{"count":17,"href":"https:\/\/revistapolitecnicaags.upa.edu.mx\/index.php\/wp-json\/wp\/v2\/pages\/16\/revisions"}],"predecessor-version":[{"id":681,"href":"https:\/\/revistapolitecnicaags.upa.edu.mx\/index.php\/wp-json\/wp\/v2\/pages\/16\/revisions\/681"}],"wp:attachment":[{"href":"https:\/\/revistapolitecnicaags.upa.edu.mx\/index.php\/wp-json\/wp\/v2\/media?parent=16"}],"curies":[{"name":"wp","href":"https:\/\/api.w.org\/{rel}","templated":true}]}}