{"id":162,"date":"2022-10-20T17:30:01","date_gmt":"2022-10-20T17:30:01","guid":{"rendered":"http:\/\/10.10.13.1\/?page_id=162"},"modified":"2023-12-18T20:08:12","modified_gmt":"2023-12-18T20:08:12","slug":"politica-editorial","status":"publish","type":"page","link":"https:\/\/revistapolitecnicaags.upa.edu.mx\/index.php\/politica-editorial\/","title":{"rendered":"Pol\u00edtica Editorial"},"content":{"rendered":"\t\t<div data-elementor-type=\"wp-page\" data-elementor-id=\"162\" class=\"elementor elementor-162\">\n\t\t\t\t\t\t<section class=\"elementor-section elementor-top-section elementor-element elementor-element-821abc1 elementor-section-boxed elementor-section-height-default elementor-section-height-default\" data-id=\"821abc1\" data-element_type=\"section\">\n\t\t\t\t\t\t<div class=\"elementor-container elementor-column-gap-default\">\n\t\t\t\t\t<div class=\"elementor-column elementor-col-100 elementor-top-column elementor-element elementor-element-789d813\" data-id=\"789d813\" data-element_type=\"column\">\n\t\t\t<div class=\"elementor-widget-wrap elementor-element-populated\">\n\t\t\t\t\t\t<div class=\"elementor-element elementor-element-3c5ef20 elementor-widget elementor-widget-text-editor\" data-id=\"3c5ef20\" data-element_type=\"widget\" data-widget_type=\"text-editor.default\">\n\t\t\t\t<div class=\"elementor-widget-container\">\n\t\t\t<style>\/*! elementor - v3.23.0 - 25-07-2024 *\/\n.elementor-widget-text-editor.elementor-drop-cap-view-stacked .elementor-drop-cap{background-color:#69727d;color:#fff}.elementor-widget-text-editor.elementor-drop-cap-view-framed .elementor-drop-cap{color:#69727d;border:3px solid;background-color:transparent}.elementor-widget-text-editor:not(.elementor-drop-cap-view-default) .elementor-drop-cap{margin-top:8px}.elementor-widget-text-editor:not(.elementor-drop-cap-view-default) .elementor-drop-cap-letter{width:1em;height:1em}.elementor-widget-text-editor .elementor-drop-cap{float:left;text-align:center;line-height:1;font-size:50px}.elementor-widget-text-editor .elementor-drop-cap-letter{display:inline-block}<\/style>\t\t\t\t<p><span style=\"font-weight: 400;\">La Revista Polit\u00e9cnica de Aguascalientes es una publicaci\u00f3n gratuita editada por primera vez en el a\u00f1o 2022 en la Direcci\u00f3n de Posgrado e Investigaci\u00f3n.\u00a0<\/span><\/p><p><span style=\"font-weight: 400;\">La Revista Polit\u00e9cnica de Aguascalientes tiene el prop\u00f3sito de promover el desarrollo de la investigaci\u00f3n en la regi\u00f3n del baj\u00edo mexicano y en el pa\u00eds, con el respaldo que otorga la Universidad Polit\u00e9cnica de Aguascalientes. En el equipo que conforma la Revista Polit\u00e9cnica de Aguascalientes estamos convencidos de que los medios electr\u00f3nicos son la mejor opci\u00f3n para la divulgaci\u00f3n del conocimiento cient\u00edfico y acad\u00e9mico, sin restricciones econ\u00f3micas.<\/span><\/p><p><span style=\"font-weight: 400;\">Los autores que publiquen en la Revista Polit\u00e9cnica de Aguascalientes aceptan las siguientes condiciones:<\/span><\/p><ul><li><span style=\"font-weight: 400;\">La revista es en l\u00ednea y no cobra a los autores por publicar ni a los usuarios por consultar sus art\u00edculos.<\/span><\/li><li><span style=\"font-weight: 400;\">Todos los art\u00edculos publicados en la Revista Polit\u00e9cnica de Aguascalientes se difunden en acceso abierto y est\u00e1n disponibles en l\u00ednea de forma gratuita inmediatamente despu\u00e9s de la publicaci\u00f3n.<\/span><\/li><li><span style=\"font-weight: 400;\">Todos los vol\u00famenes pueden ser consultados de manera gratuita, ya que la Revista Polit\u00e9cnica de Aguascalientes conserva todos los documentos que publica; y se respaldan en infraestructuras tecnol\u00f3gicas propias de la Universidad Polit\u00e9cnica de Aguascalientes<\/span><\/li><li><span style=\"font-weight: 400;\">No se permite publicar un manuscrito enviado para publicaci\u00f3n en la revista previo a su evaluaci\u00f3n y aceptaci\u00f3n.\u00a0<\/span><\/li><li><span style=\"font-weight: 400;\">Una vez aceptada la publicaci\u00f3n de un manuscrito se permite difundir electr\u00f3nicamente la versi\u00f3n evaluada y aceptada, haciendo referencia a su \u201caceptaci\u00f3n en la revista\u201d indicando el volumen en que ser\u00e1 incluido.\u00a0<\/span><\/li><li><span style=\"font-weight: 400;\">El art\u00edculo que haya publicado el autor deber\u00e1 ser sustituido por la versi\u00f3n final disponible en formato PDF en la p\u00e1gina de la revista.\u00a0<\/span><\/li><li><span style=\"font-weight: 400;\">El autor tiene plena libertad para la difusi\u00f3n p\u00fablica del archivo PDF por cualquier medio inmediatamente despu\u00e9s de que la Revista Polit\u00e9cnica de Aguascalientes publique el art\u00edculo.<\/span><\/li><li><span style=\"font-size: 16px; color: var( --e-global-color-text ); letter-spacing: 0px;\">La Revista Polit\u00e9cnica de Aguascalientes se basa en las mismas <a href=\"https:\/\/upa.edu.mx\/nuestra-universidad\/mision-vision-valores\/\">misi\u00f3n, visi\u00f3n, valores y principios<\/a> que la Univerisdad Polit\u00e9cnica de Aguascalientes\u00a0<\/span><\/li><\/ul>\t\t\t\t\t\t<\/div>\n\t\t\t\t<\/div>\n\t\t\t\t\t<\/div>\n\t\t<\/div>\n\t\t\t\t\t<\/div>\n\t\t<\/section>\n\t\t\t\t<\/div>\n\t\t","protected":false},"excerpt":{"rendered":"<p>La Revista Polit\u00e9cnica de Aguascalientes es una publicaci\u00f3n gratuita editada por primera vez en el a\u00f1o 2022 en la Direcci\u00f3n de Posgrado e Investigaci\u00f3n.\u00a0 La Revista Polit\u00e9cnica de Aguascalientes tiene el prop\u00f3sito de promover el desarrollo de la investigaci\u00f3n en la regi\u00f3n del baj\u00edo mexicano y en el pa\u00eds, con el respaldo que otorga la<\/p>\n<p><a href=\"https:\/\/revistapolitecnicaags.upa.edu.mx\/index.php\/politica-editorial\/\" class=\"more-link themebutton\">Read More<\/a><\/p>\n","protected":false},"author":1,"featured_media":0,"parent":0,"menu_order":0,"comment_status":"closed","ping_status":"closed","template":"","meta":{"footnotes":""},"class_list":["post-162","page","type-page","status-publish","hentry"],"_links":{"self":[{"href":"https:\/\/revistapolitecnicaags.upa.edu.mx\/index.php\/wp-json\/wp\/v2\/pages\/162"}],"collection":[{"href":"https:\/\/revistapolitecnicaags.upa.edu.mx\/index.php\/wp-json\/wp\/v2\/pages"}],"about":[{"href":"https:\/\/revistapolitecnicaags.upa.edu.mx\/index.php\/wp-json\/wp\/v2\/types\/page"}],"author":[{"embeddable":true,"href":"https:\/\/revistapolitecnicaags.upa.edu.mx\/index.php\/wp-json\/wp\/v2\/users\/1"}],"replies":[{"embeddable":true,"href":"https:\/\/revistapolitecnicaags.upa.edu.mx\/index.php\/wp-json\/wp\/v2\/comments?post=162"}],"version-history":[{"count":10,"href":"https:\/\/revistapolitecnicaags.upa.edu.mx\/index.php\/wp-json\/wp\/v2\/pages\/162\/revisions"}],"predecessor-version":[{"id":1072,"href":"https:\/\/revistapolitecnicaags.upa.edu.mx\/index.php\/wp-json\/wp\/v2\/pages\/162\/revisions\/1072"}],"wp:attachment":[{"href":"https:\/\/revistapolitecnicaags.upa.edu.mx\/index.php\/wp-json\/wp\/v2\/media?parent=162"}],"curies":[{"name":"wp","href":"https:\/\/api.w.org\/{rel}","templated":true}]}}